{"id":11504,"date":"2025-07-25T00:01:58","date_gmt":"2025-07-25T00:01:58","guid":{"rendered":"https:\/\/blogreviewspot.com\/?page_id=11504"},"modified":"2025-12-03T14:23:12","modified_gmt":"2025-12-03T14:23:12","slug":"categories-de-coupons","status":"publish","type":"page","link":"https:\/\/blogreviewspot.com\/fr\/categories-de-coupons\/","title":{"rendered":"Categories de Coupons"},"content":{"rendered":"","protected":false},"excerpt":{"rendered":"","protected":false},"author":1,"featured_media":0,"parent":0,"menu_order":5,"comment_status":"closed","ping_status":"closed","template":"page-coupon-category.php","meta":{"_acf_changed":false,"footnotes":""},"class_list":["post-11504","page","type-page","status-publish","hentry"],"acf":[],"yoast_head":"<!-- This site is optimized with the Yoast SEO plugin v26.5 - https:\/\/yoast.com\/wordpress\/plugins\/seo\/ -->\n<title>Cat\u00e9gories de Coupons FR | Offres &amp; R\u00e9ductions<\/title>\n<meta name=\"description\" content=\"Explorez les cat\u00e9gories de coupons sur BlogReviewSpot FR et profitez des meilleures offres et r\u00e9ductions en France sur tech, lifestyle et plus.\" \/>\n<meta name=\"robots\" content=\"index, follow, max-snippet:-1, max-image-preview:large, max-video-preview:-1\" \/>\n<link rel=\"canonical\" href=\"https:\/\/blogreviewspot.com\/fr\/categories-de-coupons\/\" \/>\n<meta property=\"og:locale\" content=\"fr_FR\" \/>\n<meta property=\"og:type\" content=\"article\" \/>\n<meta property=\"og:title\" content=\"Cat\u00e9gories de Coupons FR | Offres &amp; R\u00e9ductions\" \/>\n<meta property=\"og:description\" content=\"Explorez les cat\u00e9gories de coupons sur BlogReviewSpot FR et profitez des meilleures offres et r\u00e9ductions en France sur tech, lifestyle et plus.\" \/>\n<meta property=\"og:url\" content=\"https:\/\/blogreviewspot.com\/fr\/categories-de-coupons\/\" \/>\n<meta property=\"og:site_name\" content=\"Blog Review Spot\" \/>\n<meta property=\"article:modified_time\" content=\"2025-12-03T14:23:12+00:00\" \/>\n<meta property=\"og:image\" content=\"https:\/\/blogreviewspot.com\/fr\/wp-content\/uploads\/2025\/06\/BRS-LOGO-01.webp\" \/>\n\t<meta property=\"og:image:width\" content=\"834\" \/>\n\t<meta property=\"og:image:height\" content=\"834\" \/>\n\t<meta property=\"og:image:type\" content=\"image\/webp\" \/>\n<meta name=\"twitter:card\" content=\"summary_large_image\" \/>\n<script type=\"application\/ld+json\" class=\"yoast-schema-graph\">{\"@context\":\"https:\/\/schema.org\",\"@graph\":[{\"@type\":\"WebPage\",\"@id\":\"https:\/\/blogreviewspot.com\/fr\/categories-de-coupons\/\",\"url\":\"https:\/\/blogreviewspot.com\/fr\/categories-de-coupons\/\",\"name\":\"Cat\u00e9gories de Coupons FR | Offres & R\u00e9ductions\",\"isPartOf\":{\"@id\":\"https:\/\/blogreviewspot.com\/fr\/#website\"},\"datePublished\":\"2025-07-25T00:01:58+00:00\",\"dateModified\":\"2025-12-03T14:23:12+00:00\",\"description\":\"Explorez les cat\u00e9gories de coupons sur BlogReviewSpot FR et profitez des meilleures offres et r\u00e9ductions en France sur tech, lifestyle et plus.\",\"breadcrumb\":{\"@id\":\"https:\/\/blogreviewspot.com\/fr\/categories-de-coupons\/#breadcrumb\"},\"inLanguage\":\"fr-FR\",\"potentialAction\":[{\"@type\":\"ReadAction\",\"target\":[\"https:\/\/blogreviewspot.com\/fr\/categories-de-coupons\/\"]}]},{\"@type\":\"BreadcrumbList\",\"@id\":\"https:\/\/blogreviewspot.com\/fr\/categories-de-coupons\/#breadcrumb\",\"itemListElement\":[{\"@type\":\"ListItem\",\"position\":1,\"name\":\"Home\",\"item\":\"https:\/\/blogreviewspot.com\/fr\/\"},{\"@type\":\"ListItem\",\"position\":2,\"name\":\"Cat\u00e9gories de Coupons\"}]},{\"@type\":\"WebSite\",\"@id\":\"https:\/\/blogreviewspot.com\/fr\/#website\",\"url\":\"https:\/\/blogreviewspot.com\/fr\/\",\"name\":\"Blog Review Spot\",\"description\":\"\",\"potentialAction\":[{\"@type\":\"SearchAction\",\"target\":{\"@type\":\"EntryPoint\",\"urlTemplate\":\"https:\/\/blogreviewspot.com\/fr\/?s={search_term_string}\"},\"query-input\":{\"@type\":\"PropertyValueSpecification\",\"valueRequired\":true,\"valueName\":\"search_term_string\"}}],\"inLanguage\":\"fr-FR\"}]}<\/script>\n<!-- \/ Yoast SEO plugin. -->","yoast_head_json":{"title":"Cat\u00e9gories de Coupons FR | Offres & R\u00e9ductions","description":"Explorez les cat\u00e9gories de coupons sur BlogReviewSpot FR et profitez des meilleures offres et r\u00e9ductions en France sur tech, lifestyle et plus.","robots":{"index":"index","follow":"follow","max-snippet":"max-snippet:-1","max-image-preview":"max-image-preview:large","max-video-preview":"max-video-preview:-1"},"canonical":"https:\/\/blogreviewspot.com\/fr\/categories-de-coupons\/","og_locale":"fr_FR","og_type":"article","og_title":"Cat\u00e9gories de Coupons FR | Offres & R\u00e9ductions","og_description":"Explorez les cat\u00e9gories de coupons sur BlogReviewSpot FR et profitez des meilleures offres et r\u00e9ductions en France sur tech, lifestyle et plus.","og_url":"https:\/\/blogreviewspot.com\/fr\/categories-de-coupons\/","og_site_name":"Blog Review Spot","article_modified_time":"2025-12-03T14:23:12+00:00","og_image":[{"width":834,"height":834,"url":"https:\/\/blogreviewspot.com\/fr\/wp-content\/uploads\/2025\/06\/BRS-LOGO-01.webp","type":"image\/webp"}],"twitter_card":"summary_large_image","schema":{"@context":"https:\/\/schema.org","@graph":[{"@type":"WebPage","@id":"https:\/\/blogreviewspot.com\/fr\/categories-de-coupons\/","url":"https:\/\/blogreviewspot.com\/fr\/categories-de-coupons\/","name":"Cat\u00e9gories de Coupons FR | Offres & R\u00e9ductions","isPartOf":{"@id":"https:\/\/blogreviewspot.com\/fr\/#website"},"datePublished":"2025-07-25T00:01:58+00:00","dateModified":"2025-12-03T14:23:12+00:00","description":"Explorez les cat\u00e9gories de coupons sur BlogReviewSpot FR et profitez des meilleures offres et r\u00e9ductions en France sur tech, lifestyle et plus.","breadcrumb":{"@id":"https:\/\/blogreviewspot.com\/fr\/categories-de-coupons\/#breadcrumb"},"inLanguage":"fr-FR","potentialAction":[{"@type":"ReadAction","target":["https:\/\/blogreviewspot.com\/fr\/categories-de-coupons\/"]}]},{"@type":"BreadcrumbList","@id":"https:\/\/blogreviewspot.com\/fr\/categories-de-coupons\/#breadcrumb","itemListElement":[{"@type":"ListItem","position":1,"name":"Home","item":"https:\/\/blogreviewspot.com\/fr\/"},{"@type":"ListItem","position":2,"name":"Cat\u00e9gories de Coupons"}]},{"@type":"WebSite","@id":"https:\/\/blogreviewspot.com\/fr\/#website","url":"https:\/\/blogreviewspot.com\/fr\/","name":"Blog Review Spot","description":"","potentialAction":[{"@type":"SearchAction","target":{"@type":"EntryPoint","urlTemplate":"https:\/\/blogreviewspot.com\/fr\/?s={search_term_string}"},"query-input":{"@type":"PropertyValueSpecification","valueRequired":true,"valueName":"search_term_string"}}],"inLanguage":"fr-FR"}]}},"_links":{"self":[{"href":"https:\/\/blogreviewspot.com\/fr\/wp-json\/wp\/v2\/pages\/11504","targetHints":{"allow":["GET"]}}],"collection":[{"href":"https:\/\/blogreviewspot.com\/fr\/wp-json\/wp\/v2\/pages"}],"about":[{"href":"https:\/\/blogreviewspot.com\/fr\/wp-json\/wp\/v2\/types\/page"}],"author":[{"embeddable":true,"href":"https:\/\/blogreviewspot.com\/fr\/wp-json\/wp\/v2\/users\/1"}],"replies":[{"embeddable":true,"href":"https:\/\/blogreviewspot.com\/fr\/wp-json\/wp\/v2\/comments?post=11504"}],"version-history":[{"count":2,"href":"https:\/\/blogreviewspot.com\/fr\/wp-json\/wp\/v2\/pages\/11504\/revisions"}],"predecessor-version":[{"id":13263,"href":"https:\/\/blogreviewspot.com\/fr\/wp-json\/wp\/v2\/pages\/11504\/revisions\/13263"}],"wp:attachment":[{"href":"https:\/\/blogreviewspot.com\/fr\/wp-json\/wp\/v2\/media?parent=11504"}],"curies":[{"name":"wp","href":"https:\/\/api.w.org\/{rel}","templated":true}]}}