{"id":548,"date":"2025-05-28T23:59:23","date_gmt":"2025-05-28T23:59:23","guid":{"rendered":"https:\/\/blogreviewspot.com\/?page_id=548"},"modified":"2025-12-03T14:13:16","modified_gmt":"2025-12-03T14:13:16","slug":"avertissement-d-affiliation","status":"publish","type":"page","link":"https:\/\/blogreviewspot.com\/fr\/avertissement-d-affiliation\/","title":{"rendered":"Avertissement d\u2019affiliation"},"content":{"rendered":"<div class=\"wpb-content-wrapper\"><p>[vc_row css=&#8221;.vc_custom_1748476817941{padding-top: 50px !important;padding-bottom: 50px !important;}&#8221;][vc_column css=&#8221;.vc_custom_1748476807651{padding-top: 0px !important;}&#8221;][vc_row_inner css=&#8221;.vc_custom_1748477512161{margin-bottom: 30px !important;}&#8221;][vc_column_inner][vc_column_text css=&#8221;.vc_custom_1764770734431{margin-bottom: 0px !important;}&#8221;]Chez <a href=\"https:\/\/blogreviewspot.com\/fr\/\" target=\"_blank\" rel=\"noopener\">BlogReviewSpot<\/a>, nous privil\u00e9gions la transparence et nous nous engageons \u00e0 fournir \u00e0 nos lecteurs un contenu honn\u00eate, impartial et informatif. Cela inclut des tests de produits, des recommandations et des guides pratiques con\u00e7us pour vous aider \u00e0 prendre des d\u00e9cisions d&#8217;achat \u00e9clair\u00e9es.[\/vc_column_text][\/vc_column_inner][\/vc_row_inner][vc_row_inner][vc_column_inner][vc_custom_heading text=&#8221;Liens d&#8217;affiliation et commissions&#8221; font_container=&#8221;tag:h2|text_align:left|color:%23111111&#8243; use_theme_fonts=&#8221;yes&#8221; css=&#8221;&#8221;][vc_column_text css=&#8221;.vc_custom_1764770782422{margin-bottom: 20px !important;}&#8221;]Veuillez noter que certains liens pr\u00e9sents sur ce site sont des liens d&#8217;affiliation. BlogReviewSpot participe notamment au Programme Partenaires d&#8217;Amazon Services LLC, un programme d&#8217;affiliation con\u00e7u pour permettre aux sites web de percevoir des commissions en faisant la promotion de produits Amazon.com et de ses sites affili\u00e9s. Dans le cadre de ce programme et d&#8217;autres partenariats d&#8217;affiliation, nous pouvons percevoir une petite commission lorsque vous cliquez sur un lien et effectuez un achat ou une autre action admissible (comme l&#8217;inscription \u00e0 un service).[\/vc_column_text][vc_column_text css=&#8221;.vc_custom_1764770802958{margin-bottom: 20px !important;}&#8221;]Ces commissions ne vous co\u00fbtent rien de plus et sont vers\u00e9es par les entreprises concern\u00e9es, dont Amazon. Les revenus g\u00e9n\u00e9r\u00e9s par ces programmes d&#8217;affiliation nous permettent de maintenir et d&#8217;am\u00e9liorer le site, et ainsi de continuer \u00e0 proposer gratuitement du contenu de qualit\u00e9 \u00e0 nos lecteurs.[\/vc_column_text][\/vc_column_inner][\/vc_row_inner][vc_row_inner][vc_column_inner][vc_custom_heading text=&#8221;Notre engagement envers des avis honn\u00eates&#8221; font_container=&#8221;tag:h2|text_align:left|color:%23111111&#8243; use_theme_fonts=&#8221;yes&#8221; css=&#8221;&#8221;][vc_column_text css=&#8221;.vc_custom_1764770844638{margin-bottom: 20px !important;}&#8221;]Nous tenons \u00e0 vous assurer que la pr\u00e9sence de liens d&#8217;affiliation n&#8217;influence en rien notre contenu. Tous les avis, \u00e9valuations et recommandations sont bas\u00e9s sur nos recherches ind\u00e9pendantes, notre exp\u00e9rience et les retours des utilisateurs. Nous n&#8217;acceptons aucune r\u00e9mun\u00e9ration en \u00e9change d&#8217;avis positifs ou de publicit\u00e9s trompeuses. Les produits et services que nous recommandons, notamment ceux disponibles sur Amazon, sont s\u00e9lectionn\u00e9s pour leur pertinence, leur qualit\u00e9 et leur utilit\u00e9 pour notre public.[\/vc_column_text][vc_column_text css=&#8221;.vc_custom_1764770861773{margin-bottom: 40px !important;}&#8221;]Notre objectif est d&#8217;\u00eatre transparents et impartiaux dans tous les contenus que nous produisons. Si nous vous recommandons un produit, c&#8217;est parce que nous sommes convaincus de sa valeur ajout\u00e9e pour vous, et non par int\u00e9r\u00eat financier.[\/vc_column_text][\/vc_column_inner][\/vc_row_inner][vc_row_inner][vc_column_inner][vc_custom_heading text=&#8221;Comment fonctionnent les liens d&#8217;affiliation ?&#8221; font_container=&#8221;tag:h2|text_align:left|color:%23111111&#8243; use_theme_fonts=&#8221;yes&#8221; css=&#8221;&#8221;][vc_column_text css=&#8221;.vc_custom_1764770982031{margin-bottom: 20px !important;}&#8221;]Lorsque vous cliquez sur un lien d&#8217;affiliation Amazon pr\u00e9sent sur notre site et effectuez un achat, nous pouvons recevoir un petit pourcentage de la vente, ou dans certains cas, une commission fixe. Cela n&#8217;a aucune incidence sur le prix que vous payez. Que vous utilisiez notre lien ou que vous acc\u00e9diez directement \u00e0 Amazon, le prix reste le m\u00eame pour vous.[\/vc_column_text][vc_column_text css=&#8221;.vc_custom_1764770997070{margin-bottom: 40px !important;}&#8221;]Ces liens d&#8217;affiliation sont fournis par Amazon et d&#8217;autres d\u00e9taillants et nous permettent de percevoir des revenus gr\u00e2ce au trafic et aux recommandations que nous g\u00e9n\u00e9rons par le biais de notre contenu.[\/vc_column_text][\/vc_column_inner][\/vc_row_inner][vc_row_inner][vc_column_inner][vc_custom_heading text=&#8221;Votre soutien fait la diff\u00e9rence&#8221; font_container=&#8221;tag:h2|text_align:left|color:%23111111&#8243; use_theme_fonts=&#8221;yes&#8221; css=&#8221;&#8221;][vc_column_text css=&#8221;.vc_custom_1764771030885{margin-bottom: 40px !important;}&#8221;]Nous tenons \u00e0 vous remercier sinc\u00e8rement de soutenir BlogReviewSpot en utilisant nos liens d&#8217;affiliation. Chaque achat effectu\u00e9 via l&#8217;un de ces liens nous permet de maintenir le site web en ligne et de continuer \u00e0 produire gratuitement des critiques, des guides et des articles de blog de qualit\u00e9. Votre soutien nous permet de pr\u00e9server notre ind\u00e9pendance et de maintenir nos exigences en mati\u00e8re de qualit\u00e9 et d&#8217;int\u00e9grit\u00e9.[\/vc_column_text][\/vc_column_inner][\/vc_row_inner][vc_row_inner][vc_column_inner][vc_custom_heading text=&#8221;Aucun frais suppl\u00e9mentaire pour vous&#8221; font_container=&#8221;tag:h2|text_align:left|color:%23111111&#8243; use_theme_fonts=&#8221;yes&#8221; css=&#8221;&#8221;][vc_column_text css=&#8221;.vc_custom_1764771062361{margin-bottom: 20px !important;}&#8221;]Comme toujours, utiliser les liens d&#8217;affiliation sur notre site ne vous co\u00fbte rien de plus. Les prix restent exactement les m\u00eames que si vous aviez visit\u00e9 directement le site du vendeur. La seule diff\u00e9rence est que nous pouvons percevoir une petite commission sur la vente, qui contribue directement au fonctionnement du site.[\/vc_column_text][\/vc_column_inner][\/vc_row_inner][vc_row_inner][vc_column_inner][vc_custom_heading text=&#8221;La transparence est essentielle<br \/>\n&#8221; font_container=&#8221;tag:h2|text_align:left|color:%23111111&#8243; use_theme_fonts=&#8221;yes&#8221; css=&#8221;&#8221;][vc_column_text css=&#8221;.vc_custom_1764771094916{margin-bottom: 20px !important;}&#8221;]Votre confiance est primordiale. C\u2019est pourquoi nous sommes totalement transparents quant \u00e0 nos partenariats d\u2019affiliation, notamment notre participation au Programme Partenaires d\u2019Amazon. Si nous recommandons un produit ou un service, c\u2019est parce que nous sommes convaincus de son utilit\u00e9, et non parce que nous sommes r\u00e9mun\u00e9r\u00e9s pour le faire. Notre engagement envers l\u2019int\u00e9grit\u00e9 \u00e9ditoriale vous garantit un contenu juste, complet et impartial.[\/vc_column_text][\/vc_column_inner][\/vc_row_inner][vc_row_inner][vc_column_inner][vc_custom_heading text=&#8221;Contactez-nous&#8221; font_container=&#8221;tag:h2|text_align:left|color:%23111111&#8243; use_theme_fonts=&#8221;yes&#8221; css=&#8221;&#8221;][vc_column_text css=&#8221;.vc_custom_1764771190119{margin-bottom: 30px !important;}&#8221;]Si vous avez des questions concernant cette clause de non-responsabilit\u00e9 relative aux liens d&#8217;affiliation ou si vous souhaitez en savoir plus sur nos partenariats, n&#8217;h\u00e9sitez pas \u00e0 nous contacter\u00a0:<\/p>\n<ul>\n<li>Visitez notre page de contact : <a href=\"https:\/\/blogreviewspot.com\/fr\/nous-contacter\/\" target=\"_blank\" rel=\"noopener\">https:\/\/blogreviewspot.com\/fr\/nous-contacter\/<\/a><\/li>\n<li>\u00c9crivez-nous directement\u00a0: <a href=\"mailto:contact@blogreviewspot.com\" target=\"_blank\" rel=\"noopener\">contact@blogreviewspot.com<\/a><\/li>\n<\/ul>\n<p>Merci de faire partie de la communaut\u00e9 BlogReviewSpot. Votre confiance et votre soutien continu nous sont pr\u00e9cieux.[\/vc_column_text][\/vc_column_inner][\/vc_row_inner][\/vc_column][\/vc_row]<\/p>\n<\/div>","protected":false},"excerpt":{"rendered":"<p>[vc_row css=&#8221;.vc_custom_1748476817941{padding-top: 50px !important;padding-bottom: 50px !important;}&#8221;][vc_column css=&#8221;.vc_custom_1748476807651{padding-top: 0px !important;}&#8221;][vc_row_inner css=&#8221;.vc_custom_1748477512161{margin-bottom: 30px !important;}&#8221;][vc_column_inner][vc_column_text css=&#8221;.vc_custom_1764770734431{margin-bottom: 0px !important;}&#8221;]Chez BlogReviewSpot, nous privil\u00e9gions la transparence et nous nous engageons \u00e0 fournir \u00e0 nos lecteurs un contenu honn\u00eate, impartial et informatif. Cela inclut des tests de produits, des recommandations et des guides pratiques con\u00e7us pour vous aider \u00e0 prendre des d\u00e9cisions [&hellip;]<\/p>\n","protected":false},"author":1,"featured_media":0,"parent":0,"menu_order":2,"comment_status":"closed","ping_status":"closed","template":"","meta":{"_acf_changed":false,"footnotes":""},"class_list":["post-548","page","type-page","status-publish","hentry"],"acf":[],"yoast_head":"<!-- This site is optimized with the Yoast SEO plugin v26.5 - https:\/\/yoast.com\/wordpress\/plugins\/seo\/ -->\n<title>Avertissement relatif aux liens d&#039;affiliation<\/title>\n<meta name=\"description\" content=\"D\u00e9couvrez la clause d\u2019affiliation de BlogReviewSpot et notre engagement \u00e0 fournir un contenu honn\u00eate et centr\u00e9 sur l\u2019utilisateur, soutenu par nos partenariats.\" \/>\n<meta name=\"robots\" content=\"index, follow, max-snippet:-1, max-image-preview:large, max-video-preview:-1\" \/>\n<link rel=\"canonical\" href=\"https:\/\/blogreviewspot.com\/fr\/avertissement-d-affiliation\/\" \/>\n<meta property=\"og:locale\" content=\"fr_FR\" \/>\n<meta property=\"og:type\" content=\"article\" \/>\n<meta property=\"og:title\" content=\"Avertissement relatif aux liens d&#039;affiliation\" \/>\n<meta property=\"og:description\" content=\"D\u00e9couvrez la clause d\u2019affiliation de BlogReviewSpot et notre engagement \u00e0 fournir un contenu honn\u00eate et centr\u00e9 sur l\u2019utilisateur, soutenu par nos partenariats.\" \/>\n<meta property=\"og:url\" content=\"https:\/\/blogreviewspot.com\/fr\/avertissement-d-affiliation\/\" \/>\n<meta property=\"og:site_name\" content=\"Blog Review Spot\" \/>\n<meta property=\"article:modified_time\" content=\"2025-12-03T14:13:16+00:00\" \/>\n<meta property=\"og:image\" content=\"https:\/\/blogreviewspot.com\/fr\/wp-content\/uploads\/2025\/06\/BRS-LOGO-01.webp\" \/>\n\t<meta property=\"og:image:width\" content=\"834\" \/>\n\t<meta property=\"og:image:height\" content=\"834\" \/>\n\t<meta property=\"og:image:type\" content=\"image\/webp\" \/>\n<meta name=\"twitter:card\" content=\"summary_large_image\" \/>\n<meta name=\"twitter:label1\" content=\"Dur\u00e9e de lecture estim\u00e9e\" \/>\n\t<meta name=\"twitter:data1\" content=\"4 minutes\" \/>\n<script type=\"application\/ld+json\" class=\"yoast-schema-graph\">{\"@context\":\"https:\/\/schema.org\",\"@graph\":[{\"@type\":\"WebPage\",\"@id\":\"https:\/\/blogreviewspot.com\/fr\/avertissement-d-affiliation\/\",\"url\":\"https:\/\/blogreviewspot.com\/fr\/avertissement-d-affiliation\/\",\"name\":\"Avertissement relatif aux liens d'affiliation\",\"isPartOf\":{\"@id\":\"https:\/\/blogreviewspot.com\/fr\/#website\"},\"datePublished\":\"2025-05-28T23:59:23+00:00\",\"dateModified\":\"2025-12-03T14:13:16+00:00\",\"description\":\"D\u00e9couvrez la clause d\u2019affiliation de BlogReviewSpot et notre engagement \u00e0 fournir un contenu honn\u00eate et centr\u00e9 sur l\u2019utilisateur, soutenu par nos partenariats.\",\"breadcrumb\":{\"@id\":\"https:\/\/blogreviewspot.com\/fr\/avertissement-d-affiliation\/#breadcrumb\"},\"inLanguage\":\"fr-FR\",\"potentialAction\":[{\"@type\":\"ReadAction\",\"target\":[\"https:\/\/blogreviewspot.com\/fr\/avertissement-d-affiliation\/\"]}]},{\"@type\":\"BreadcrumbList\",\"@id\":\"https:\/\/blogreviewspot.com\/fr\/avertissement-d-affiliation\/#breadcrumb\",\"itemListElement\":[{\"@type\":\"ListItem\",\"position\":1,\"name\":\"Home\",\"item\":\"https:\/\/blogreviewspot.com\/fr\/\"},{\"@type\":\"ListItem\",\"position\":2,\"name\":\"Avertissement d\u2019affiliation\"}]},{\"@type\":\"WebSite\",\"@id\":\"https:\/\/blogreviewspot.com\/fr\/#website\",\"url\":\"https:\/\/blogreviewspot.com\/fr\/\",\"name\":\"Blog Review Spot\",\"description\":\"\",\"potentialAction\":[{\"@type\":\"SearchAction\",\"target\":{\"@type\":\"EntryPoint\",\"urlTemplate\":\"https:\/\/blogreviewspot.com\/fr\/?s={search_term_string}\"},\"query-input\":{\"@type\":\"PropertyValueSpecification\",\"valueRequired\":true,\"valueName\":\"search_term_string\"}}],\"inLanguage\":\"fr-FR\"}]}<\/script>\n<!-- \/ Yoast SEO plugin. -->","yoast_head_json":{"title":"Avertissement relatif aux liens d'affiliation","description":"D\u00e9couvrez la clause d\u2019affiliation de BlogReviewSpot et notre engagement \u00e0 fournir un contenu honn\u00eate et centr\u00e9 sur l\u2019utilisateur, soutenu par nos partenariats.","robots":{"index":"index","follow":"follow","max-snippet":"max-snippet:-1","max-image-preview":"max-image-preview:large","max-video-preview":"max-video-preview:-1"},"canonical":"https:\/\/blogreviewspot.com\/fr\/avertissement-d-affiliation\/","og_locale":"fr_FR","og_type":"article","og_title":"Avertissement relatif aux liens d'affiliation","og_description":"D\u00e9couvrez la clause d\u2019affiliation de BlogReviewSpot et notre engagement \u00e0 fournir un contenu honn\u00eate et centr\u00e9 sur l\u2019utilisateur, soutenu par nos partenariats.","og_url":"https:\/\/blogreviewspot.com\/fr\/avertissement-d-affiliation\/","og_site_name":"Blog Review Spot","article_modified_time":"2025-12-03T14:13:16+00:00","og_image":[{"width":834,"height":834,"url":"https:\/\/blogreviewspot.com\/fr\/wp-content\/uploads\/2025\/06\/BRS-LOGO-01.webp","type":"image\/webp"}],"twitter_card":"summary_large_image","twitter_misc":{"Dur\u00e9e de lecture estim\u00e9e":"4 minutes"},"schema":{"@context":"https:\/\/schema.org","@graph":[{"@type":"WebPage","@id":"https:\/\/blogreviewspot.com\/fr\/avertissement-d-affiliation\/","url":"https:\/\/blogreviewspot.com\/fr\/avertissement-d-affiliation\/","name":"Avertissement relatif aux liens d'affiliation","isPartOf":{"@id":"https:\/\/blogreviewspot.com\/fr\/#website"},"datePublished":"2025-05-28T23:59:23+00:00","dateModified":"2025-12-03T14:13:16+00:00","description":"D\u00e9couvrez la clause d\u2019affiliation de BlogReviewSpot et notre engagement \u00e0 fournir un contenu honn\u00eate et centr\u00e9 sur l\u2019utilisateur, soutenu par nos partenariats.","breadcrumb":{"@id":"https:\/\/blogreviewspot.com\/fr\/avertissement-d-affiliation\/#breadcrumb"},"inLanguage":"fr-FR","potentialAction":[{"@type":"ReadAction","target":["https:\/\/blogreviewspot.com\/fr\/avertissement-d-affiliation\/"]}]},{"@type":"BreadcrumbList","@id":"https:\/\/blogreviewspot.com\/fr\/avertissement-d-affiliation\/#breadcrumb","itemListElement":[{"@type":"ListItem","position":1,"name":"Home","item":"https:\/\/blogreviewspot.com\/fr\/"},{"@type":"ListItem","position":2,"name":"Avertissement d\u2019affiliation"}]},{"@type":"WebSite","@id":"https:\/\/blogreviewspot.com\/fr\/#website","url":"https:\/\/blogreviewspot.com\/fr\/","name":"Blog Review Spot","description":"","potentialAction":[{"@type":"SearchAction","target":{"@type":"EntryPoint","urlTemplate":"https:\/\/blogreviewspot.com\/fr\/?s={search_term_string}"},"query-input":{"@type":"PropertyValueSpecification","valueRequired":true,"valueName":"search_term_string"}}],"inLanguage":"fr-FR"}]}},"_links":{"self":[{"href":"https:\/\/blogreviewspot.com\/fr\/wp-json\/wp\/v2\/pages\/548","targetHints":{"allow":["GET"]}}],"collection":[{"href":"https:\/\/blogreviewspot.com\/fr\/wp-json\/wp\/v2\/pages"}],"about":[{"href":"https:\/\/blogreviewspot.com\/fr\/wp-json\/wp\/v2\/types\/page"}],"author":[{"embeddable":true,"href":"https:\/\/blogreviewspot.com\/fr\/wp-json\/wp\/v2\/users\/1"}],"replies":[{"embeddable":true,"href":"https:\/\/blogreviewspot.com\/fr\/wp-json\/wp\/v2\/comments?post=548"}],"version-history":[{"count":14,"href":"https:\/\/blogreviewspot.com\/fr\/wp-json\/wp\/v2\/pages\/548\/revisions"}],"predecessor-version":[{"id":14102,"href":"https:\/\/blogreviewspot.com\/fr\/wp-json\/wp\/v2\/pages\/548\/revisions\/14102"}],"wp:attachment":[{"href":"https:\/\/blogreviewspot.com\/fr\/wp-json\/wp\/v2\/media?parent=548"}],"curies":[{"name":"wp","href":"https:\/\/api.w.org\/{rel}","templated":true}]}}